{"id":12259,"date":"2021-07-15T10:44:02","date_gmt":"2021-07-15T09:44:02","guid":{"rendered":"https:\/\/countryvillaspain.com\/?page_id=12259"},"modified":"2021-08-03T11:10:18","modified_gmt":"2021-08-03T10:10:18","slug":"cookies","status":"publish","type":"page","link":"https:\/\/countryvillaspain.com\/de\/cookies\/","title":{"rendered":"Cookies"},"content":{"rendered":"<h3>\u00dcber diese Cookie-Richtlinie<\/h3>\n<p>Diese Cookie-Richtlinie erkl\u00e4rt, was Cookies sind und wie wir sie verwenden, welche Arten von Cookies wir verwenden, d. h. die Informationen, die wir mithilfe von Cookies sammeln und wie diese Informationen verwendet werden, und wie Sie die Cookie-Einstellungen steuern. Weitere Informationen dar\u00fcber, wie wir Ihre personenbezogenen Daten verwenden, speichern und sch\u00fctzen, finden Sie in unserer Datenschutzerkl\u00e4rung.<\/p>\n<p>Sie k\u00f6nnen die Cookie-Erkl\u00e4rung auf unserer Website jederzeit \u00e4ndern oder Ihre Einwilligung widerrufen<br \/>\nErfahren Sie in unserer Datenschutzerkl\u00e4rung mehr dar\u00fcber, wer wir sind, wie Sie uns kontaktieren k\u00f6nnen und wie wir personenbezogene Daten verarbeiten.<br \/>\nIhre Einwilligung gilt f\u00fcr die folgenden Domains: countryvillaspain.com<br \/>\n<div class=\"cli_user_consent_state\">Your current state: No consent given. <a class=\"cli_manage_current_consent\" style=\"cursor:pointer;\">Manage your consent.<\/a> <\/div><\/p>\n<h3>Was sind Kekse?<\/h3>\n<p>Cookies sind kleine Textdateien, die dazu dienen, kleine Informationen zu speichern. Sie werden beim Laden der Website in Ihrem Browser auf Ihrem Endger\u00e4t gespeichert. Diese Cookies helfen uns, die Website ordnungsgem\u00e4\u00df zu funktionieren, sie sicherer zu machen, eine bessere Benutzererfahrung zu bieten und die Leistung der Website zu verstehen und zu analysieren, was funktioniert und wo Verbesserungsbedarf besteht.<\/p>\n<h3>Wie verwenden wir Cookies?<\/h3>\n<p>Wie die meisten Online-Dienste verwendet unsere Website f\u00fcr verschiedene Zwecke Erst- und Drittanbieter-Cookies. First-Party-Cookies sind meist notwendig, damit die Website richtig funktioniert, und sammeln keine Ihrer personenbezogenen Daten.<\/p>\n<p>Die auf unserer Website verwendeten Cookies von Drittanbietern dienen haupts\u00e4chlich dazu, die Leistung der Website zu verstehen, wie Sie mit unserer Website interagieren, die Sicherheit unserer Dienste zu gew\u00e4hrleisten, f\u00fcr Sie relevante Werbung bereitzustellen und Ihnen insgesamt einen besseren und verbesserten Benutzer zu bieten Erfahrung und helfen, Ihre zuk\u00fcnftigen Interaktionen mit unserer Website zu beschleunigen.<\/p>\n<h3>Welche Arten von Cookies verwenden wir?<\/h3>\n<p>Unverzichtbar: Einige Cookies sind unerl\u00e4sslich, damit Sie die volle Funktionalit\u00e4t unserer Website nutzen k\u00f6nnen. Sie erm\u00f6glichen es uns, Benutzersitzungen aufrechtzuerhalten und Sicherheitsbedrohungen zu verhindern. Sie sammeln oder speichern keine personenbezogenen Daten. Mit diesen Cookies k\u00f6nnen Sie sich beispielsweise bei Ihrem Konto anmelden, Produkte in Ihren Warenkorb legen und sicher zur Kasse gehen.<\/p>\n<p>Statistik: Diese Cookies speichern Informationen wie die Anzahl der Besucher der Website, die Anzahl der einzelnen Besucher, welche Seiten der Website besucht wurden, die Quelle des Besuchs usw. Diese Daten helfen uns zu verstehen und zu analysieren, wie gut die Website funktioniert und wo Verbesserungsbedarf besteht.<\/p>\n<p>Marketing: Auf unserer Website werden Anzeigen geschaltet. Diese Cookies werden verwendet, um die Werbung, die wir Ihnen zeigen, so zu personalisieren, dass sie f\u00fcr Sie von Bedeutung ist. Diese Cookies helfen uns auch, die Effizienz dieser Werbekampagnen zu verfolgen.<br \/>\nDie in diesen Cookies gespeicherten Informationen k\u00f6nnen auch von den Drittanbietern von Anzeigen verwendet werden, um Ihnen auch auf anderen Websites im Browser Anzeigen anzuzeigen.<\/p>\n<p>Funktional: Dies sind die Cookies, die bestimmte nicht wesentliche Funktionen auf unserer Website unterst\u00fctzen. Zu diesen Funktionalit\u00e4ten geh\u00f6ren das Einbetten von Inhalten wie Videos oder das Teilen von Inhalten der Website auf Social-Media-Plattformen.<\/p>\n<p>Einstellungen: Diese Cookies helfen uns, Ihre Einstellungen und Browsereinstellungen wie Spracheinstellungen zu speichern, damit Sie bei zuk\u00fcnftigen Besuchen der Website ein besseres und effizienteres Erlebnis haben.<\/p>\n<table class=\"cookielawinfo-row-cat-table cookielawinfo-classic\"><thead><tr><th class=\"cookielawinfo-column-1\">Cookie<\/th><th class=\"cookielawinfo-column-4\">Description<\/th><\/tr><\/thead><tbody><tr class=\"cookielawinfo-row\"><td class=\"cookielawinfo-column-1\">_ga<\/td><td class=\"cookielawinfo-column-4\">Google Analytics<\/td><\/tr><tr class=\"cookielawinfo-row\"><td class=\"cookielawinfo-column-1\">_gat_gtag_UA_202542007_1<\/td><td class=\"cookielawinfo-column-4\">Google Analytics<\/td><\/tr><tr class=\"cookielawinfo-row\"><td class=\"cookielawinfo-column-1\">_gid<\/td><td class=\"cookielawinfo-column-4\">Google Analytics<\/td><\/tr><tr class=\"cookielawinfo-row\"><td class=\"cookielawinfo-column-1\">cookielawinfo-checkbox-analytics<\/td><td class=\"cookielawinfo-column-4\">This cookie is set by GDPR Cookie Consent plugin. The cookie is used to store the user consent for the cookies in the category \"Analytics\".<\/td><\/tr><tr class=\"cookielawinfo-row\"><td class=\"cookielawinfo-column-1\">cookielawinfo-checkbox-functional<\/td><td class=\"cookielawinfo-column-4\">The cookie is set by GDPR cookie consent to record the user consent for the cookies in the category \"Functional\".<\/td><\/tr><tr class=\"cookielawinfo-row\"><td class=\"cookielawinfo-column-1\">cookielawinfo-checkbox-necessary<\/td><td class=\"cookielawinfo-column-4\">This cookie is set by GDPR Cookie Consent plugin. The cookies is used to store the user consent for the cookies in the category \"Necessary\".<\/td><\/tr><tr class=\"cookielawinfo-row\"><td class=\"cookielawinfo-column-1\">cookielawinfo-checkbox-others<\/td><td class=\"cookielawinfo-column-4\">This cookie is set by GDPR Cookie Consent plugin. The cookie is used to store the user consent for the cookies in the category \"Other.<\/td><\/tr><tr class=\"cookielawinfo-row\"><td class=\"cookielawinfo-column-1\">cookielawinfo-checkbox-performance<\/td><td class=\"cookielawinfo-column-4\">This cookie is set by GDPR Cookie Consent plugin. The cookie is used to store the user consent for the cookies in the category \"Performance\".<\/td><\/tr><tr class=\"cookielawinfo-row\"><td class=\"cookielawinfo-column-1\">viewed_cookie_policy<\/td><td class=\"cookielawinfo-column-4\">The cookie is set by the GDPR Cookie Consent plugin and is used to store whether or not user has consented to the use of cookies. It does not store any personal data.<\/td><\/tr><tr class=\"cookielawinfo-row\"><td class=\"cookielawinfo-column-1\">wpglobus-language<\/td><td class=\"cookielawinfo-column-4\">Language control<\/td><\/tr><tr class=\"cookielawinfo-row\"><td class=\"cookielawinfo-column-1\">wpglobus-language-old<\/td><td class=\"cookielawinfo-column-4\">Language control<\/td><\/tr><\/tbody><\/table>\n<h3>Wie kann ich die Cookie-Einstellungen steuern?<\/h3>\n<p>Sollten Sie sich entscheiden, Ihre Einstellungen sp\u00e4ter w\u00e4hrend Ihrer Browsersitzung zu \u00e4ndern, k\u00f6nnen Sie auf Ihrem Bildschirm auf die Registerkarte &#8222;Datenschutz- und Cookie-Richtlinie&#8220; klicken. Dadurch wird der Einwilligungshinweis erneut angezeigt, sodass Sie Ihre Einstellungen \u00e4ndern oder Ihre Einwilligung vollst\u00e4ndig widerrufen k\u00f6nnen.<\/p>\n<p>Dar\u00fcber hinaus bieten verschiedene Browser unterschiedliche Methoden zum Blockieren und L\u00f6schen von Cookies, die von Websites verwendet werden. Sie k\u00f6nnen die Einstellungen Ihres Browsers \u00e4ndern, um die Cookies zu blockieren\/zu l\u00f6schen. Um mehr dar\u00fcber zu erfahren, wie Sie Cookies verwalten und l\u00f6schen, besuchen Sie wikipedia.org, www.allaboutcookies.org.<\/p>\n","protected":false},"excerpt":{"rendered":"<p>\u00dcber diese Cookie-Richtlinie Diese Cookie-Richtlinie erkl\u00e4rt, was Cookies sind und wie wir sie verwenden, welche Arten von Cookies wir verwenden, d. h. die Informationen, die wir mithilfe von Cookies sammeln und wie diese Informationen verwendet werden, und wie Sie die Cookie-Einstellungen steuern. Weitere Informationen dar\u00fcber, wie wir Ihre personenbezogenen Daten verwenden, speichern und sch\u00fctzen, finden [&hellip;]<\/p>\n","protected":false},"author":1,"featured_media":0,"parent":0,"menu_order":0,"comment_status":"closed","ping_status":"closed","template":"","meta":{"footnotes":""},"class_list":["post-12259","page","type-page","status-publish","hentry"],"translation":{"provider":"WPGlobus","version":"2.8.1","language":"de","enabled_languages":["fr","en","es","de","nl"],"languages":{"fr":{"title":true,"content":true,"excerpt":false},"en":{"title":false,"content":true,"excerpt":false},"es":{"title":false,"content":true,"excerpt":false},"de":{"title":false,"content":true,"excerpt":false},"nl":{"title":false,"content":true,"excerpt":false}}},"yoast_head":"<!-- This site is optimized with the Yoast SEO plugin v17.4 - https:\/\/yoast.com\/wordpress\/plugins\/seo\/ -->\n<meta name=\"robots\" content=\"index, follow, max-snippet:-1, max-image-preview:large, max-video-preview:-1\" \/>\n<link rel=\"canonical\" href=\"https:\/\/countryvillaspain.com\/cookies\/\" \/>\n<meta property=\"og:locale\" content=\"de_DE\" \/>\n<meta property=\"og:type\" content=\"article\" \/>\n<meta property=\"og:title\" content=\"Cookies - Country Villas Spain\" \/>\n<meta property=\"og:url\" content=\"https:\/\/countryvillaspain.com\/cookies\/\" \/>\n<meta property=\"og:site_name\" content=\"Country Villas Spain\" \/>\n<meta property=\"article:publisher\" content=\"https:\/\/www.facebook.com\/countryvillaspain\" \/>\n<meta property=\"article:modified_time\" content=\"2021-08-03T10:10:18+00:00\" \/>\n<meta name=\"twitter:card\" content=\"summary_large_image\" \/>\n<meta name=\"twitter:label1\" content=\"Gesch\u00e4tzte Lesezeit\" \/>\n\t<meta name=\"twitter:data1\" content=\"17\u00a0Minuten\" \/>\n<script type=\"application\/ld+json\" class=\"yoast-schema-graph\">{\"@context\":\"https:\/\/schema.org\",\"@graph\":[{\"@type\":\"Organization\",\"@id\":\"https:\/\/countryvillaspain.com\/#organization\",\"name\":\"Country Villa Spain\",\"url\":\"https:\/\/countryvillaspain.com\/\",\"sameAs\":[\"https:\/\/www.facebook.com\/countryvillaspain\"],\"logo\":{\"@type\":\"ImageObject\",\"@id\":\"https:\/\/countryvillaspain.com\/#logo\",\"inLanguage\":\"de\",\"url\":\"https:\/\/countryvillaspain.com\/wp-content\/uploads\/2021\/07\/pdf-logo.png\",\"contentUrl\":\"https:\/\/countryvillaspain.com\/wp-content\/uploads\/2021\/07\/pdf-logo.png\",\"width\":2659,\"height\":933,\"caption\":\"Country Villa Spain\"},\"image\":{\"@id\":\"https:\/\/countryvillaspain.com\/#logo\"}},{\"@type\":\"WebSite\",\"@id\":\"https:\/\/countryvillaspain.com\/#website\",\"url\":\"https:\/\/countryvillaspain.com\/\",\"name\":\"Country Villas Spain\",\"description\":\"Inland Property Sales\",\"publisher\":{\"@id\":\"https:\/\/countryvillaspain.com\/#organization\"},\"potentialAction\":[{\"@type\":\"SearchAction\",\"target\":{\"@type\":\"EntryPoint\",\"urlTemplate\":\"https:\/\/countryvillaspain.com\/?s={search_term_string}\"},\"query-input\":\"required name=search_term_string\"}],\"inLanguage\":\"de\"},{\"@type\":\"WebPage\",\"@id\":\"https:\/\/countryvillaspain.com\/cookies\/#webpage\",\"url\":\"https:\/\/countryvillaspain.com\/cookies\/\",\"name\":\"Cookies - Country Villas Spain\",\"isPartOf\":{\"@id\":\"https:\/\/countryvillaspain.com\/#website\"},\"datePublished\":\"2021-07-15T09:44:02+00:00\",\"dateModified\":\"2021-08-03T10:10:18+00:00\",\"breadcrumb\":{\"@id\":\"https:\/\/countryvillaspain.com\/cookies\/#breadcrumb\"},\"inLanguage\":\"de\",\"potentialAction\":[{\"@type\":\"ReadAction\",\"target\":[\"https:\/\/countryvillaspain.com\/cookies\/\"]}]},{\"@type\":\"BreadcrumbList\",\"@id\":\"https:\/\/countryvillaspain.com\/cookies\/#breadcrumb\",\"itemListElement\":[{\"@type\":\"ListItem\",\"position\":1,\"name\":\"Home\",\"item\":\"https:\/\/countryvillaspain.com\/\"},{\"@type\":\"ListItem\",\"position\":2,\"name\":\"Cookies\"}]}]}<\/script>\n<!-- \/ Yoast SEO plugin. -->","yoast_head_json":{"robots":{"index":"index","follow":"follow","max-snippet":"max-snippet:-1","max-image-preview":"max-image-preview:large","max-video-preview":"max-video-preview:-1"},"canonical":"https:\/\/countryvillaspain.com\/cookies\/","og_locale":"de_DE","og_type":"article","og_title":"Cookies - Country Villas Spain","og_url":"https:\/\/countryvillaspain.com\/cookies\/","og_site_name":"Country Villas Spain","article_publisher":"https:\/\/www.facebook.com\/countryvillaspain","article_modified_time":"2021-08-03T10:10:18+00:00","twitter_card":"summary_large_image","twitter_misc":{"Gesch\u00e4tzte Lesezeit":"17\u00a0Minuten"},"schema":{"@context":"https:\/\/schema.org","@graph":[{"@type":"Organization","@id":"https:\/\/countryvillaspain.com\/#organization","name":"Country Villa Spain","url":"https:\/\/countryvillaspain.com\/","sameAs":["https:\/\/www.facebook.com\/countryvillaspain"],"logo":{"@type":"ImageObject","@id":"https:\/\/countryvillaspain.com\/#logo","inLanguage":"de","url":"https:\/\/countryvillaspain.com\/wp-content\/uploads\/2021\/07\/pdf-logo.png","contentUrl":"https:\/\/countryvillaspain.com\/wp-content\/uploads\/2021\/07\/pdf-logo.png","width":2659,"height":933,"caption":"Country Villa Spain"},"image":{"@id":"https:\/\/countryvillaspain.com\/#logo"}},{"@type":"WebSite","@id":"https:\/\/countryvillaspain.com\/#website","url":"https:\/\/countryvillaspain.com\/","name":"Country Villas Spain","description":"Inland Property Sales","publisher":{"@id":"https:\/\/countryvillaspain.com\/#organization"},"potentialAction":[{"@type":"SearchAction","target":{"@type":"EntryPoint","urlTemplate":"https:\/\/countryvillaspain.com\/?s={search_term_string}"},"query-input":"required name=search_term_string"}],"inLanguage":"de"},{"@type":"WebPage","@id":"https:\/\/countryvillaspain.com\/cookies\/#webpage","url":"https:\/\/countryvillaspain.com\/cookies\/","name":"Cookies - Country Villas Spain","isPartOf":{"@id":"https:\/\/countryvillaspain.com\/#website"},"datePublished":"2021-07-15T09:44:02+00:00","dateModified":"2021-08-03T10:10:18+00:00","breadcrumb":{"@id":"https:\/\/countryvillaspain.com\/cookies\/#breadcrumb"},"inLanguage":"de","potentialAction":[{"@type":"ReadAction","target":["https:\/\/countryvillaspain.com\/cookies\/"]}]},{"@type":"BreadcrumbList","@id":"https:\/\/countryvillaspain.com\/cookies\/#breadcrumb","itemListElement":[{"@type":"ListItem","position":1,"name":"Home","item":"https:\/\/countryvillaspain.com\/"},{"@type":"ListItem","position":2,"name":"Cookies"}]}]}},"_links":{"self":[{"href":"https:\/\/countryvillaspain.com\/de\/wp-json\/wp\/v2\/pages\/12259","targetHints":{"allow":["GET"]}}],"collection":[{"href":"https:\/\/countryvillaspain.com\/de\/wp-json\/wp\/v2\/pages"}],"about":[{"href":"https:\/\/countryvillaspain.com\/de\/wp-json\/wp\/v2\/types\/page"}],"author":[{"embeddable":true,"href":"https:\/\/countryvillaspain.com\/de\/wp-json\/wp\/v2\/users\/1"}],"replies":[{"embeddable":true,"href":"https:\/\/countryvillaspain.com\/de\/wp-json\/wp\/v2\/comments?post=12259"}],"version-history":[{"count":9,"href":"https:\/\/countryvillaspain.com\/de\/wp-json\/wp\/v2\/pages\/12259\/revisions"}],"predecessor-version":[{"id":13556,"href":"https:\/\/countryvillaspain.com\/de\/wp-json\/wp\/v2\/pages\/12259\/revisions\/13556"}],"wp:attachment":[{"href":"https:\/\/countryvillaspain.com\/de\/wp-json\/wp\/v2\/media?parent=12259"}],"curies":[{"name":"wp","href":"https:\/\/api.w.org\/{rel}","templated":true}]}}