{"id":12259,"date":"2021-07-15T10:44:02","date_gmt":"2021-07-15T09:44:02","guid":{"rendered":"https:\/\/countryvillaspain.com\/?page_id=12259"},"modified":"2021-08-03T11:10:18","modified_gmt":"2021-08-03T10:10:18","slug":"cookies","status":"publish","type":"page","link":"https:\/\/countryvillaspain.com\/es\/cookies\/","title":{"rendered":"Cookies"},"content":{"rendered":"<h3>Acerca de esta pol\u00edtica de cookies<\/h3>\n<p>Esta Pol\u00edtica de cookies explica qu\u00e9 son las cookies y c\u00f3mo las usamos, los tipos de cookies que usamos, es decir, la informaci\u00f3n que recopilamos usando cookies y c\u00f3mo se usa esa informaci\u00f3n, y c\u00f3mo controlar las preferencias de cookies. Para obtener m\u00e1s informaci\u00f3n sobre c\u00f3mo usamos, almacenamos y mantenemos seguros sus datos personales, consulte nuestra Pol\u00edtica de privacidad.<\/p>\n<p>En cualquier momento puede cambiar o retirar su consentimiento de la Declaraci\u00f3n de cookies en nuestro sitio web.<br \/>\nObtenga m\u00e1s informaci\u00f3n sobre qui\u00e9nes somos, c\u00f3mo puede comunicarse con nosotros y c\u00f3mo procesamos los datos personales en nuestra Pol\u00edtica de privacidad.<br \/>\nSu consentimiento se aplica a los siguientes dominios: countryvillaspain.com<br \/>\n<div class=\"cli_user_consent_state\">Your current state: No consent given. <a class=\"cli_manage_current_consent\" style=\"cursor:pointer;\">Manage your consent.<\/a> <\/div><\/p>\n<h3>\u00bfQu\u00e9 son las cookies?<\/h3>\n<p>Las cookies son peque\u00f1os archivos de texto que se utilizan para almacenar peque\u00f1os fragmentos de informaci\u00f3n. Se almacenan en su dispositivo cuando el sitio web se carga en su navegador. Estas cookies nos ayudan a hacer que el sitio web funcione correctamente, hacerlo m\u00e1s seguro, brindar una mejor experiencia al usuario, comprender c\u00f3mo funciona el sitio web y analizar qu\u00e9 funciona y d\u00f3nde necesita mejorar.<\/p>\n<h3>C\u00f3mo usamos las cookies ?<\/h3>\n<p>Como la mayor\u00eda de los servicios en l\u00ednea, nuestro sitio web utiliza cookies propias y de terceros para varios prop\u00f3sitos. Las cookies de origen son principalmente necesarias para que el sitio web funcione correctamente y no recopilan ninguno de sus datos de identificaci\u00f3n personal.<\/p>\n<p>Las cookies de terceros utilizadas en nuestro sitio web son principalmente para comprender c\u00f3mo funciona el sitio web, c\u00f3mo interact\u00faa con nuestro sitio web, mantener nuestros servicios seguros, proporcionar anuncios que sean relevantes para usted y, en general, brindarle un usuario mejor y mejorado. experiencia y ayude a acelerar sus interacciones futuras con nuestro sitio web.<\/p>\n<h3>\u00bfQu\u00e9 tipos de cookies utilizamos?<\/h3>\n<p>Esencial: algunas cookies son esenciales para que pueda experimentar la funcionalidad completa de nuestro sitio. Nos permiten mantener las sesiones de los usuarios y prevenir cualquier amenaza a la seguridad. No recopilan ni almacenan ninguna informaci\u00f3n personal. Por ejemplo, estas cookies le permiten iniciar sesi\u00f3n en su cuenta y agregar productos a su carrito y realizar el pago de forma segura.<\/p>\n<p>Estad\u00edsticas: estas cookies almacenan informaci\u00f3n como el n\u00famero de visitantes al sitio web, el n\u00famero de visitantes \u00fanicos, qu\u00e9 p\u00e1ginas del sitio web se han visitado, la fuente de la visita, etc. Estos datos nos ayudan a comprender y analizar el rendimiento del sitio web. y donde necesita mejorar.<\/p>\n<p>Marketing: nuestro sitio web muestra anuncios. Estas cookies se utilizan para personalizar los anuncios que le mostramos para que sean significativos para usted. Estas cookies tambi\u00e9n nos ayudan a realizar un seguimiento de la eficiencia de estas campa\u00f1as publicitarias.<br \/>\nLos proveedores de publicidad de terceros tambi\u00e9n pueden utilizar la informaci\u00f3n almacenada en estas cookies para mostrarle anuncios en otros sitios web en el navegador.<\/p>\n<p>Funcionales: Son las cookies que ayudan a determinadas funcionalidades no esenciales de nuestro sitio web. Estas funcionalidades incluyen incrustar contenido como videos o compartir contenido del sitio web en plataformas de redes sociales.<\/p>\n<p>Preferencias: estas cookies nos ayudan a almacenar su configuraci\u00f3n y preferencias de navegaci\u00f3n, como las preferencias de idioma, para que tenga una experiencia mejor y m\u00e1s eficiente en futuras visitas al sitio web.<br \/>\n<table class=\"cookielawinfo-row-cat-table cookielawinfo-classic\"><thead><tr><th class=\"cookielawinfo-column-1\">Cookie<\/th><th class=\"cookielawinfo-column-4\">Description<\/th><\/tr><\/thead><tbody><tr class=\"cookielawinfo-row\"><td class=\"cookielawinfo-column-1\">_ga<\/td><td class=\"cookielawinfo-column-4\">Google Analytics<\/td><\/tr><tr class=\"cookielawinfo-row\"><td class=\"cookielawinfo-column-1\">_gat_gtag_UA_202542007_1<\/td><td class=\"cookielawinfo-column-4\">Google Analytics<\/td><\/tr><tr class=\"cookielawinfo-row\"><td class=\"cookielawinfo-column-1\">_gid<\/td><td class=\"cookielawinfo-column-4\">Google Analytics<\/td><\/tr><tr class=\"cookielawinfo-row\"><td class=\"cookielawinfo-column-1\">cookielawinfo-checkbox-analytics<\/td><td class=\"cookielawinfo-column-4\">This cookie is set by GDPR Cookie Consent plugin. The cookie is used to store the user consent for the cookies in the category \"Analytics\".<\/td><\/tr><tr class=\"cookielawinfo-row\"><td class=\"cookielawinfo-column-1\">cookielawinfo-checkbox-functional<\/td><td class=\"cookielawinfo-column-4\">The cookie is set by GDPR cookie consent to record the user consent for the cookies in the category \"Functional\".<\/td><\/tr><tr class=\"cookielawinfo-row\"><td class=\"cookielawinfo-column-1\">cookielawinfo-checkbox-necessary<\/td><td class=\"cookielawinfo-column-4\">This cookie is set by GDPR Cookie Consent plugin. The cookies is used to store the user consent for the cookies in the category \"Necessary\".<\/td><\/tr><tr class=\"cookielawinfo-row\"><td class=\"cookielawinfo-column-1\">cookielawinfo-checkbox-others<\/td><td class=\"cookielawinfo-column-4\">This cookie is set by GDPR Cookie Consent plugin. The cookie is used to store the user consent for the cookies in the category \"Other.<\/td><\/tr><tr class=\"cookielawinfo-row\"><td class=\"cookielawinfo-column-1\">cookielawinfo-checkbox-performance<\/td><td class=\"cookielawinfo-column-4\">This cookie is set by GDPR Cookie Consent plugin. The cookie is used to store the user consent for the cookies in the category \"Performance\".<\/td><\/tr><tr class=\"cookielawinfo-row\"><td class=\"cookielawinfo-column-1\">viewed_cookie_policy<\/td><td class=\"cookielawinfo-column-4\">The cookie is set by the GDPR Cookie Consent plugin and is used to store whether or not user has consented to the use of cookies. It does not store any personal data.<\/td><\/tr><tr class=\"cookielawinfo-row\"><td class=\"cookielawinfo-column-1\">wpglobus-language<\/td><td class=\"cookielawinfo-column-4\">Language control<\/td><\/tr><tr class=\"cookielawinfo-row\"><td class=\"cookielawinfo-column-1\">wpglobus-language-old<\/td><td class=\"cookielawinfo-column-4\">Language control<\/td><\/tr><\/tbody><\/table><\/p>\n<h3>\u00bfC\u00f3mo puedo controlar las preferencias de las cookies?<\/h3>\n<p>Si decide cambiar sus preferencias m\u00e1s adelante a trav\u00e9s de su sesi\u00f3n de navegaci\u00f3n, puede hacer clic en la pesta\u00f1a \u00abPol\u00edtica de privacidad y cookies\u00bb en su pantalla. Esto mostrar\u00e1 el aviso de consentimiento nuevamente, lo que le permitir\u00e1 cambiar sus preferencias o retirar su consentimiento por completo.<\/p>\n<p>Adem\u00e1s de esto, los diferentes navegadores proporcionan diferentes m\u00e9todos para bloquear y eliminar las cookies utilizadas por los sitios web. Puede cambiar la configuraci\u00f3n de su navegador para bloquear \/ eliminar las cookies. Para obtener m\u00e1s informaci\u00f3n sobre c\u00f3mo administrar y eliminar las cookies, visite wikipedia.org, www.allaboutcookies.org.<\/p>\n","protected":false},"excerpt":{"rendered":"<p>Acerca de esta pol\u00edtica de cookies Esta Pol\u00edtica de cookies explica qu\u00e9 son las cookies y c\u00f3mo las usamos, los tipos de cookies que usamos, es decir, la informaci\u00f3n que recopilamos usando cookies y c\u00f3mo se usa esa informaci\u00f3n, y c\u00f3mo controlar las preferencias de cookies. Para obtener m\u00e1s informaci\u00f3n sobre c\u00f3mo usamos, almacenamos y [&hellip;]<\/p>\n","protected":false},"author":1,"featured_media":0,"parent":0,"menu_order":0,"comment_status":"closed","ping_status":"closed","template":"","meta":{"footnotes":""},"class_list":["post-12259","page","type-page","status-publish","hentry"],"translation":{"provider":"WPGlobus","version":"2.8.1","language":"es","enabled_languages":["fr","en","es","de","nl"],"languages":{"fr":{"title":true,"content":true,"excerpt":false},"en":{"title":false,"content":true,"excerpt":false},"es":{"title":false,"content":true,"excerpt":false},"de":{"title":false,"content":true,"excerpt":false},"nl":{"title":false,"content":true,"excerpt":false}}},"yoast_head":"<!-- This site is optimized with the Yoast SEO plugin v17.4 - https:\/\/yoast.com\/wordpress\/plugins\/seo\/ -->\n<meta name=\"robots\" content=\"index, follow, max-snippet:-1, max-image-preview:large, max-video-preview:-1\" \/>\n<link rel=\"canonical\" href=\"https:\/\/countryvillaspain.com\/cookies\/\" \/>\n<meta property=\"og:locale\" content=\"es_ES\" \/>\n<meta property=\"og:type\" content=\"article\" \/>\n<meta property=\"og:title\" content=\"Cookies - Country Villas Spain\" \/>\n<meta property=\"og:url\" content=\"https:\/\/countryvillaspain.com\/cookies\/\" \/>\n<meta property=\"og:site_name\" content=\"Country Villas Spain\" \/>\n<meta property=\"article:publisher\" content=\"https:\/\/www.facebook.com\/countryvillaspain\" \/>\n<meta property=\"article:modified_time\" content=\"2021-08-03T10:10:18+00:00\" \/>\n<meta name=\"twitter:card\" content=\"summary_large_image\" \/>\n<meta name=\"twitter:label1\" content=\"Tiempo de lectura\" \/>\n\t<meta name=\"twitter:data1\" content=\"17 minutos\" \/>\n<script type=\"application\/ld+json\" class=\"yoast-schema-graph\">{\"@context\":\"https:\/\/schema.org\",\"@graph\":[{\"@type\":\"Organization\",\"@id\":\"https:\/\/countryvillaspain.com\/#organization\",\"name\":\"Country Villa Spain\",\"url\":\"https:\/\/countryvillaspain.com\/\",\"sameAs\":[\"https:\/\/www.facebook.com\/countryvillaspain\"],\"logo\":{\"@type\":\"ImageObject\",\"@id\":\"https:\/\/countryvillaspain.com\/#logo\",\"inLanguage\":\"es\",\"url\":\"https:\/\/countryvillaspain.com\/wp-content\/uploads\/2021\/07\/pdf-logo.png\",\"contentUrl\":\"https:\/\/countryvillaspain.com\/wp-content\/uploads\/2021\/07\/pdf-logo.png\",\"width\":2659,\"height\":933,\"caption\":\"Country Villa Spain\"},\"image\":{\"@id\":\"https:\/\/countryvillaspain.com\/#logo\"}},{\"@type\":\"WebSite\",\"@id\":\"https:\/\/countryvillaspain.com\/#website\",\"url\":\"https:\/\/countryvillaspain.com\/\",\"name\":\"Country Villas Spain\",\"description\":\"Inland Property Sales\",\"publisher\":{\"@id\":\"https:\/\/countryvillaspain.com\/#organization\"},\"potentialAction\":[{\"@type\":\"SearchAction\",\"target\":{\"@type\":\"EntryPoint\",\"urlTemplate\":\"https:\/\/countryvillaspain.com\/?s={search_term_string}\"},\"query-input\":\"required name=search_term_string\"}],\"inLanguage\":\"es\"},{\"@type\":\"WebPage\",\"@id\":\"https:\/\/countryvillaspain.com\/cookies\/#webpage\",\"url\":\"https:\/\/countryvillaspain.com\/cookies\/\",\"name\":\"Cookies - Country Villas Spain\",\"isPartOf\":{\"@id\":\"https:\/\/countryvillaspain.com\/#website\"},\"datePublished\":\"2021-07-15T09:44:02+00:00\",\"dateModified\":\"2021-08-03T10:10:18+00:00\",\"breadcrumb\":{\"@id\":\"https:\/\/countryvillaspain.com\/cookies\/#breadcrumb\"},\"inLanguage\":\"es\",\"potentialAction\":[{\"@type\":\"ReadAction\",\"target\":[\"https:\/\/countryvillaspain.com\/cookies\/\"]}]},{\"@type\":\"BreadcrumbList\",\"@id\":\"https:\/\/countryvillaspain.com\/cookies\/#breadcrumb\",\"itemListElement\":[{\"@type\":\"ListItem\",\"position\":1,\"name\":\"Home\",\"item\":\"https:\/\/countryvillaspain.com\/\"},{\"@type\":\"ListItem\",\"position\":2,\"name\":\"Cookies\"}]}]}<\/script>\n<!-- \/ Yoast SEO plugin. -->","yoast_head_json":{"robots":{"index":"index","follow":"follow","max-snippet":"max-snippet:-1","max-image-preview":"max-image-preview:large","max-video-preview":"max-video-preview:-1"},"canonical":"https:\/\/countryvillaspain.com\/cookies\/","og_locale":"es_ES","og_type":"article","og_title":"Cookies - Country Villas Spain","og_url":"https:\/\/countryvillaspain.com\/cookies\/","og_site_name":"Country Villas Spain","article_publisher":"https:\/\/www.facebook.com\/countryvillaspain","article_modified_time":"2021-08-03T10:10:18+00:00","twitter_card":"summary_large_image","twitter_misc":{"Tiempo de lectura":"17 minutos"},"schema":{"@context":"https:\/\/schema.org","@graph":[{"@type":"Organization","@id":"https:\/\/countryvillaspain.com\/#organization","name":"Country Villa Spain","url":"https:\/\/countryvillaspain.com\/","sameAs":["https:\/\/www.facebook.com\/countryvillaspain"],"logo":{"@type":"ImageObject","@id":"https:\/\/countryvillaspain.com\/#logo","inLanguage":"es","url":"https:\/\/countryvillaspain.com\/wp-content\/uploads\/2021\/07\/pdf-logo.png","contentUrl":"https:\/\/countryvillaspain.com\/wp-content\/uploads\/2021\/07\/pdf-logo.png","width":2659,"height":933,"caption":"Country Villa Spain"},"image":{"@id":"https:\/\/countryvillaspain.com\/#logo"}},{"@type":"WebSite","@id":"https:\/\/countryvillaspain.com\/#website","url":"https:\/\/countryvillaspain.com\/","name":"Country Villas Spain","description":"Inland Property Sales","publisher":{"@id":"https:\/\/countryvillaspain.com\/#organization"},"potentialAction":[{"@type":"SearchAction","target":{"@type":"EntryPoint","urlTemplate":"https:\/\/countryvillaspain.com\/?s={search_term_string}"},"query-input":"required name=search_term_string"}],"inLanguage":"es"},{"@type":"WebPage","@id":"https:\/\/countryvillaspain.com\/cookies\/#webpage","url":"https:\/\/countryvillaspain.com\/cookies\/","name":"Cookies - Country Villas Spain","isPartOf":{"@id":"https:\/\/countryvillaspain.com\/#website"},"datePublished":"2021-07-15T09:44:02+00:00","dateModified":"2021-08-03T10:10:18+00:00","breadcrumb":{"@id":"https:\/\/countryvillaspain.com\/cookies\/#breadcrumb"},"inLanguage":"es","potentialAction":[{"@type":"ReadAction","target":["https:\/\/countryvillaspain.com\/cookies\/"]}]},{"@type":"BreadcrumbList","@id":"https:\/\/countryvillaspain.com\/cookies\/#breadcrumb","itemListElement":[{"@type":"ListItem","position":1,"name":"Home","item":"https:\/\/countryvillaspain.com\/"},{"@type":"ListItem","position":2,"name":"Cookies"}]}]}},"_links":{"self":[{"href":"https:\/\/countryvillaspain.com\/es\/wp-json\/wp\/v2\/pages\/12259","targetHints":{"allow":["GET"]}}],"collection":[{"href":"https:\/\/countryvillaspain.com\/es\/wp-json\/wp\/v2\/pages"}],"about":[{"href":"https:\/\/countryvillaspain.com\/es\/wp-json\/wp\/v2\/types\/page"}],"author":[{"embeddable":true,"href":"https:\/\/countryvillaspain.com\/es\/wp-json\/wp\/v2\/users\/1"}],"replies":[{"embeddable":true,"href":"https:\/\/countryvillaspain.com\/es\/wp-json\/wp\/v2\/comments?post=12259"}],"version-history":[{"count":9,"href":"https:\/\/countryvillaspain.com\/es\/wp-json\/wp\/v2\/pages\/12259\/revisions"}],"predecessor-version":[{"id":13556,"href":"https:\/\/countryvillaspain.com\/es\/wp-json\/wp\/v2\/pages\/12259\/revisions\/13556"}],"wp:attachment":[{"href":"https:\/\/countryvillaspain.com\/es\/wp-json\/wp\/v2\/media?parent=12259"}],"curies":[{"name":"wp","href":"https:\/\/api.w.org\/{rel}","templated":true}]}}