{"id":26,"date":"2021-04-22T12:33:03","date_gmt":"2021-04-22T11:33:03","guid":{"rendered":"http:\/\/countryvillaspain.com\/?page_id=26"},"modified":"2022-08-10T14:31:57","modified_gmt":"2022-08-10T13:31:57","slug":"home-page","status":"publish","type":"page","link":"https:\/\/countryvillaspain.com\/es\/","title":{"rendered":"\u00a1Su sue\u00f1o espa\u00f1ol comienza aqu\u00ed!"},"content":{"rendered":"<p>Country Villa Spain quiere que su sue\u00f1o se haga realidad, que la compra o alquiler de un chalet o de una finca se tramite de forma agradable y con profesionalidad.<\/p>\n<p>Quiere usted vender o alquilar su vivienda? Country Villa Spain anuncia no solo en Espa\u00f1a e Inglaterra, sino tambien por paises como Belgica, Luxemburgo, Francia, Holanda y Alemania. Para una clientela satisfecha no queremos ser buenos sino EXCELLENTE<\/p>\n","protected":false},"excerpt":{"rendered":"<p>Country Villa Spain quiere que su sue\u00f1o se haga realidad, que la compra o alquiler de un chalet o de una finca se tramite de forma agradable y con profesionalidad. Quiere usted vender o alquilar su vivienda? Country Villa Spain anuncia no solo en Espa\u00f1a e Inglaterra, sino tambien por paises como Belgica, Luxemburgo, Francia, [&hellip;]<\/p>\n","protected":false},"author":1,"featured_media":0,"parent":0,"menu_order":0,"comment_status":"closed","ping_status":"closed","template":"","meta":{"footnotes":""},"class_list":["post-26","page","type-page","status-publish","hentry"],"translation":{"provider":"WPGlobus","version":"2.8.1","language":"es","enabled_languages":["fr","en","es","de","nl"],"languages":{"fr":{"title":true,"content":true,"excerpt":false},"en":{"title":true,"content":true,"excerpt":false},"es":{"title":true,"content":true,"excerpt":false},"de":{"title":true,"content":true,"excerpt":false},"nl":{"title":true,"content":false,"excerpt":false}}},"yoast_head":"<!-- This site is optimized with the Yoast SEO plugin v17.4 - https:\/\/yoast.com\/wordpress\/plugins\/seo\/ -->\n<meta name=\"robots\" content=\"index, follow, max-snippet:-1, max-image-preview:large, max-video-preview:-1\" \/>\n<link rel=\"canonical\" href=\"https:\/\/countryvillaspain.com\/\" \/>\n<meta property=\"og:locale\" content=\"es_ES\" \/>\n<meta property=\"og:type\" content=\"article\" \/>\n<meta property=\"og:title\" content=\"\u00a1Su sue\u00f1o espa\u00f1ol comienza aqu\u00ed! - Country Villas Spain\" \/>\n<meta property=\"og:url\" content=\"https:\/\/countryvillaspain.com\/\" \/>\n<meta property=\"og:site_name\" content=\"Country Villas Spain\" \/>\n<meta property=\"article:publisher\" content=\"https:\/\/www.facebook.com\/countryvillaspain\" \/>\n<meta property=\"article:modified_time\" content=\"2022-08-10T13:31:57+00:00\" \/>\n<meta name=\"twitter:card\" content=\"summary_large_image\" \/>\n<meta name=\"twitter:label1\" content=\"Tiempo de lectura\" \/>\n\t<meta name=\"twitter:data1\" content=\"1 minuto\" \/>\n<script type=\"application\/ld+json\" class=\"yoast-schema-graph\">{\"@context\":\"https:\/\/schema.org\",\"@graph\":[{\"@type\":\"Organization\",\"@id\":\"https:\/\/countryvillaspain.com\/#organization\",\"name\":\"Country Villa Spain\",\"url\":\"https:\/\/countryvillaspain.com\/\",\"sameAs\":[\"https:\/\/www.facebook.com\/countryvillaspain\"],\"logo\":{\"@type\":\"ImageObject\",\"@id\":\"https:\/\/countryvillaspain.com\/#logo\",\"inLanguage\":\"es\",\"url\":\"https:\/\/countryvillaspain.com\/wp-content\/uploads\/2021\/07\/pdf-logo.png\",\"contentUrl\":\"https:\/\/countryvillaspain.com\/wp-content\/uploads\/2021\/07\/pdf-logo.png\",\"width\":2659,\"height\":933,\"caption\":\"Country Villa Spain\"},\"image\":{\"@id\":\"https:\/\/countryvillaspain.com\/#logo\"}},{\"@type\":\"WebSite\",\"@id\":\"https:\/\/countryvillaspain.com\/#website\",\"url\":\"https:\/\/countryvillaspain.com\/\",\"name\":\"Country Villas Spain\",\"description\":\"Inland Property Sales\",\"publisher\":{\"@id\":\"https:\/\/countryvillaspain.com\/#organization\"},\"potentialAction\":[{\"@type\":\"SearchAction\",\"target\":{\"@type\":\"EntryPoint\",\"urlTemplate\":\"https:\/\/countryvillaspain.com\/?s={search_term_string}\"},\"query-input\":\"required name=search_term_string\"}],\"inLanguage\":\"es\"},{\"@type\":\"WebPage\",\"@id\":\"https:\/\/countryvillaspain.com\/#webpage\",\"url\":\"https:\/\/countryvillaspain.com\/\",\"name\":\"\\u00a1Su sue\\u00f1o espa\\u00f1ol comienza aqu\\u00ed! - Country Villas Spain\",\"isPartOf\":{\"@id\":\"https:\/\/countryvillaspain.com\/#website\"},\"datePublished\":\"2021-04-22T11:33:03+00:00\",\"dateModified\":\"2022-08-10T13:31:57+00:00\",\"breadcrumb\":{\"@id\":\"https:\/\/countryvillaspain.com\/#breadcrumb\"},\"inLanguage\":\"es\",\"potentialAction\":[{\"@type\":\"ReadAction\",\"target\":[\"https:\/\/countryvillaspain.com\/\"]}]},{\"@type\":\"BreadcrumbList\",\"@id\":\"https:\/\/countryvillaspain.com\/#breadcrumb\",\"itemListElement\":[{\"@type\":\"ListItem\",\"position\":1,\"name\":\"Home\",\"item\":\"https:\/\/countryvillaspain.com\/\"},{\"@type\":\"ListItem\",\"position\":2,\"name\":\"Votre r\\u00eave d&#8217;Espagne commence ici!\"}]}]}<\/script>\n<!-- \/ Yoast SEO plugin. -->","yoast_head_json":{"robots":{"index":"index","follow":"follow","max-snippet":"max-snippet:-1","max-image-preview":"max-image-preview:large","max-video-preview":"max-video-preview:-1"},"canonical":"https:\/\/countryvillaspain.com\/","og_locale":"es_ES","og_type":"article","og_title":"\u00a1Su sue\u00f1o espa\u00f1ol comienza aqu\u00ed! - Country Villas Spain","og_url":"https:\/\/countryvillaspain.com\/","og_site_name":"Country Villas Spain","article_publisher":"https:\/\/www.facebook.com\/countryvillaspain","article_modified_time":"2022-08-10T13:31:57+00:00","twitter_card":"summary_large_image","twitter_misc":{"Tiempo de lectura":"1 minuto"},"schema":{"@context":"https:\/\/schema.org","@graph":[{"@type":"Organization","@id":"https:\/\/countryvillaspain.com\/#organization","name":"Country Villa Spain","url":"https:\/\/countryvillaspain.com\/","sameAs":["https:\/\/www.facebook.com\/countryvillaspain"],"logo":{"@type":"ImageObject","@id":"https:\/\/countryvillaspain.com\/#logo","inLanguage":"es","url":"https:\/\/countryvillaspain.com\/wp-content\/uploads\/2021\/07\/pdf-logo.png","contentUrl":"https:\/\/countryvillaspain.com\/wp-content\/uploads\/2021\/07\/pdf-logo.png","width":2659,"height":933,"caption":"Country Villa Spain"},"image":{"@id":"https:\/\/countryvillaspain.com\/#logo"}},{"@type":"WebSite","@id":"https:\/\/countryvillaspain.com\/#website","url":"https:\/\/countryvillaspain.com\/","name":"Country Villas Spain","description":"Inland Property Sales","publisher":{"@id":"https:\/\/countryvillaspain.com\/#organization"},"potentialAction":[{"@type":"SearchAction","target":{"@type":"EntryPoint","urlTemplate":"https:\/\/countryvillaspain.com\/?s={search_term_string}"},"query-input":"required name=search_term_string"}],"inLanguage":"es"},{"@type":"WebPage","@id":"https:\/\/countryvillaspain.com\/#webpage","url":"https:\/\/countryvillaspain.com\/","name":"\u00a1Su sue\u00f1o espa\u00f1ol comienza aqu\u00ed! - Country Villas Spain","isPartOf":{"@id":"https:\/\/countryvillaspain.com\/#website"},"datePublished":"2021-04-22T11:33:03+00:00","dateModified":"2022-08-10T13:31:57+00:00","breadcrumb":{"@id":"https:\/\/countryvillaspain.com\/#breadcrumb"},"inLanguage":"es","potentialAction":[{"@type":"ReadAction","target":["https:\/\/countryvillaspain.com\/"]}]},{"@type":"BreadcrumbList","@id":"https:\/\/countryvillaspain.com\/#breadcrumb","itemListElement":[{"@type":"ListItem","position":1,"name":"Home","item":"https:\/\/countryvillaspain.com\/"},{"@type":"ListItem","position":2,"name":"Votre r\u00eave d&#8217;Espagne commence ici!"}]}]}},"_links":{"self":[{"href":"https:\/\/countryvillaspain.com\/es\/wp-json\/wp\/v2\/pages\/26","targetHints":{"allow":["GET"]}}],"collection":[{"href":"https:\/\/countryvillaspain.com\/es\/wp-json\/wp\/v2\/pages"}],"about":[{"href":"https:\/\/countryvillaspain.com\/es\/wp-json\/wp\/v2\/types\/page"}],"author":[{"embeddable":true,"href":"https:\/\/countryvillaspain.com\/es\/wp-json\/wp\/v2\/users\/1"}],"replies":[{"embeddable":true,"href":"https:\/\/countryvillaspain.com\/es\/wp-json\/wp\/v2\/comments?post=26"}],"version-history":[{"count":19,"href":"https:\/\/countryvillaspain.com\/es\/wp-json\/wp\/v2\/pages\/26\/revisions"}],"predecessor-version":[{"id":15088,"href":"https:\/\/countryvillaspain.com\/es\/wp-json\/wp\/v2\/pages\/26\/revisions\/15088"}],"wp:attachment":[{"href":"https:\/\/countryvillaspain.com\/es\/wp-json\/wp\/v2\/media?parent=26"}],"curies":[{"name":"wp","href":"https:\/\/api.w.org\/{rel}","templated":true}]}}